{"id":8632,"date":"2024-08-21T09:24:17","date_gmt":"2024-08-21T09:24:17","guid":{"rendered":"https:\/\/zellkraft.net\/?page_id=8632"},"modified":"2026-03-11T08:11:35","modified_gmt":"2026-03-11T08:11:35","slug":"kontaktformular","status":"publish","type":"page","link":"https:\/\/zellkraft.net\/index.php\/kontaktformular\/","title":{"rendered":"Kontakt"},"content":{"rendered":"\t\t<div data-elementor-type=\"wp-page\" data-elementor-id=\"8632\" class=\"elementor elementor-8632\">\n\t\t\t\t<div class=\"elementor-element elementor-element-2bda445 e-flex e-con-boxed e-con e-parent\" data-id=\"2bda445\" data-element_type=\"container\" data-settings=\"{&quot;background_background&quot;:&quot;classic&quot;}\">\n\t\t\t\t\t<div class=\"e-con-inner\">\n\t\t\t\t<div class=\"elementor-element elementor-element-85be847 elementor-widget elementor-widget-heading\" data-id=\"85be847\" data-element_type=\"widget\" data-widget_type=\"heading.default\">\n\t\t\t\t<div class=\"elementor-widget-container\">\n\t\t\t\t\t<h2 class=\"elementor-heading-title elementor-size-default\">Kontaktformular<\/h2>\t\t\t\t<\/div>\n\t\t\t\t<\/div>\n\t\t\t\t\t<\/div>\n\t\t\t\t<\/div>\n\t\t<div class=\"elementor-element elementor-element-9bff218 e-flex e-con-boxed e-con e-parent\" data-id=\"9bff218\" data-element_type=\"container\">\n\t\t\t\t\t<div class=\"e-con-inner\">\n\t\t<div class=\"elementor-element elementor-element-88cf045 e-con-full e-flex e-con e-child\" data-id=\"88cf045\" data-element_type=\"container\" data-settings=\"{&quot;background_background&quot;:&quot;classic&quot;}\">\n\t\t\t\t<div class=\"elementor-element elementor-element-5d12b88 elementor-widget elementor-widget-heading\" data-id=\"5d12b88\" data-element_type=\"widget\" data-widget_type=\"heading.default\">\n\t\t\t\t<div class=\"elementor-widget-container\">\n\t\t\t\t\t<h2 class=\"elementor-heading-title elementor-size-default\">Interesse geweckt? Wir beantworten dir gern alle Fragen.<\/h2>\t\t\t\t<\/div>\n\t\t\t\t<\/div>\n\t\t\t\t<div class=\"elementor-element elementor-element-d758ee0 elementor-widget elementor-widget-text-editor\" data-id=\"d758ee0\" data-element_type=\"widget\" data-widget_type=\"text-editor.default\">\n\t\t\t\t<div class=\"elementor-widget-container\">\n\t\t\t\t\t\t\t\t\t<div class=\"info\"><div class=\"grid\"><div class=\"col-12\"><span class=\"font-color\" translate=\"\">Egal, ob du als Unternehmen an einer Zusammenarbeit interessiert bist oder dich als Privatperson f\u00fcr unsere Services interessierst \u2013 wir sind f\u00fcr dich da! Teile uns deine Fragen oder Anliegen einfach \u00fcber das Kontaktformular mit. Wir melden uns so schnell wie m\u00f6glich pers\u00f6nlich bei dir.<\/span><\/div><\/div><\/div>\t\t\t\t\t\t\t\t<\/div>\n\t\t\t\t<\/div>\n\t\t\t\t<\/div>\n\t\t\t\t\t<\/div>\n\t\t\t\t<\/div>\n\t\t<div class=\"elementor-element elementor-element-af4dc28 elementor-hidden-mobile e-flex e-con-boxed e-con e-parent\" data-id=\"af4dc28\" data-element_type=\"container\">\n\t\t\t\t\t<div class=\"e-con-inner\">\n\t\t<div class=\"elementor-element elementor-element-0bbc254 e-con-full e-flex e-con e-child\" data-id=\"0bbc254\" data-element_type=\"container\" data-settings=\"{&quot;background_background&quot;:&quot;classic&quot;}\">\n\t\t\t\t<div class=\"elementor-element elementor-element-12a91a6 elementor-widget-mobile__width-initial elementor-widget elementor-widget-html\" data-id=\"12a91a6\" data-element_type=\"widget\" data-widget_type=\"html.default\">\n\t\t\t\t<div class=\"elementor-widget-container\">\n\t\t\t\t\t<div style=\"width:100%; height:900px; overflow:hidden; position:relative;\">\n  \n  <iframe \n    src=\"https:\/\/contact.zellkraft.net\"\n    style=\"\n      width:100%;\n      height:1000px;\n      border:0;\n      position:absolute;\n      top:-220px;\n      left:0;\n    \"\n    allowfullscreen>\n  <\/iframe>\n\n<\/div>\t\t\t\t<\/div>\n\t\t\t\t<\/div>\n\t\t\t\t<\/div>\n\t\t\t\t\t<\/div>\n\t\t\t\t<\/div>\n\t\t<div class=\"elementor-element elementor-element-a150372 elementor-hidden-desktop elementor-hidden-tablet e-flex e-con-boxed e-con e-parent\" data-id=\"a150372\" data-element_type=\"container\">\n\t\t\t\t\t<div class=\"e-con-inner\">\n\t\t<div class=\"elementor-element elementor-element-30a04b4 e-con-full e-flex e-con e-child\" data-id=\"30a04b4\" data-element_type=\"container\" data-settings=\"{&quot;background_background&quot;:&quot;classic&quot;}\">\n\t\t\t\t<div class=\"elementor-element elementor-element-207ffd1 elementor-widget-mobile__width-initial elementor-widget elementor-widget-html\" data-id=\"207ffd1\" data-element_type=\"widget\" data-widget_type=\"html.default\">\n\t\t\t\t<div class=\"elementor-widget-container\">\n\t\t\t\t\t<div style=\"width:100%; height:900px; overflow:hidden; position:relative;\">\n  \n  <iframe \n    src=\"https:\/\/contact.zellkraft.net\"\n    style=\"\n      width:100%;\n      height:1200px;\n      border:0;\n      position:absolute;\n      top:-38%;\n      left:0;\n    \"\n    allowfullscreen>\n  <\/iframe>\n\n<\/div>\t\t\t\t<\/div>\n\t\t\t\t<\/div>\n\t\t\t\t<\/div>\n\t\t\t\t\t<\/div>\n\t\t\t\t<\/div>\n\t\t\t\t<\/div>\n\t\t","protected":false},"excerpt":{"rendered":"<p>Kontaktformular Interesse geweckt? Wir beantworten dir gern alle Fragen. Egal, ob du als Unternehmen an einer Zusammenarbeit interessiert bist oder dich als Privatperson f\u00fcr unsere Services interessierst \u2013 wir sind f\u00fcr dich da! Teile uns deine Fragen oder Anliegen einfach \u00fcber das Kontaktformular mit. Wir melden uns so schnell wie m\u00f6glich pers\u00f6nlich bei dir.<\/p>\n","protected":false},"author":1,"featured_media":0,"parent":0,"menu_order":0,"comment_status":"closed","ping_status":"closed","template":"","meta":{"ocean_post_layout":"full-screen","ocean_both_sidebars_style":"","ocean_both_sidebars_content_width":0,"ocean_both_sidebars_sidebars_width":0,"ocean_sidebar":"","ocean_second_sidebar":"","ocean_disable_margins":"enable","ocean_add_body_class":"","ocean_shortcode_before_top_bar":"","ocean_shortcode_after_top_bar":"","ocean_shortcode_before_header":"","ocean_shortcode_after_header":"","ocean_has_shortcode":"","ocean_shortcode_after_title":"","ocean_shortcode_before_footer_widgets":"","ocean_shortcode_after_footer_widgets":"","ocean_shortcode_before_footer_bottom":"","ocean_shortcode_after_footer_bottom":"","ocean_display_top_bar":"off","ocean_display_header":"off","ocean_header_style":"","ocean_center_header_left_menu":"","ocean_custom_header_template":"","ocean_custom_logo":0,"ocean_custom_retina_logo":0,"ocean_custom_logo_max_width":0,"ocean_custom_logo_tablet_max_width":0,"ocean_custom_logo_mobile_max_width":0,"ocean_custom_logo_max_height":0,"ocean_custom_logo_tablet_max_height":0,"ocean_custom_logo_mobile_max_height":0,"ocean_header_custom_menu":"","ocean_menu_typo_font_family":"","ocean_menu_typo_font_subset":"","ocean_menu_typo_font_size":0,"ocean_menu_typo_font_size_tablet":0,"ocean_menu_typo_font_size_mobile":0,"ocean_menu_typo_font_size_unit":"px","ocean_menu_typo_font_weight":"","ocean_menu_typo_font_weight_tablet":"","ocean_menu_typo_font_weight_mobile":"","ocean_menu_typo_transform":"","ocean_menu_typo_transform_tablet":"","ocean_menu_typo_transform_mobile":"","ocean_menu_typo_line_height":0,"ocean_menu_typo_line_height_tablet":0,"ocean_menu_typo_line_height_mobile":0,"ocean_menu_typo_line_height_unit":"","ocean_menu_typo_spacing":0,"ocean_menu_typo_spacing_tablet":0,"ocean_menu_typo_spacing_mobile":0,"ocean_menu_typo_spacing_unit":"","ocean_menu_link_color":"","ocean_menu_link_color_hover":"","ocean_menu_link_color_active":"","ocean_menu_link_background":"","ocean_menu_link_hover_background":"","ocean_menu_link_active_background":"","ocean_menu_social_links_bg":"","ocean_menu_social_hover_links_bg":"","ocean_menu_social_links_color":"","ocean_menu_social_hover_links_color":"","ocean_disable_title":"on","ocean_disable_heading":"default","ocean_post_title":"","ocean_post_subheading":"","ocean_post_title_style":"","ocean_post_title_background_color":"","ocean_post_title_background":0,"ocean_post_title_bg_image_position":"","ocean_post_title_bg_image_attachment":"","ocean_post_title_bg_image_repeat":"","ocean_post_title_bg_image_size":"","ocean_post_title_height":0,"ocean_post_title_bg_overlay":0.5,"ocean_post_title_bg_overlay_color":"","ocean_disable_breadcrumbs":"default","ocean_breadcrumbs_color":"","ocean_breadcrumbs_separator_color":"","ocean_breadcrumbs_links_color":"","ocean_breadcrumbs_links_hover_color":"","ocean_display_footer_widgets":"off","ocean_display_footer_bottom":"default","ocean_custom_footer_template":"","footnotes":""},"class_list":["post-8632","page","type-page","status-publish","hentry","entry"],"yoast_head":"<!-- This site is optimized with the Yoast SEO plugin v24.2 - https:\/\/yoast.com\/wordpress\/plugins\/seo\/ -->\n<title>Kontakt - Zellkraft<\/title>\n<meta name=\"description\" content=\"Kontakt Zellkraft: Unterst\u00fctzung f\u00fcr Tier\u00e4rzte, Kliniken und Therapeuten zu Magnetfeldtherapie und Mietmodellen.\" \/>\n<meta name=\"robots\" content=\"index, follow, max-snippet:-1, max-image-preview:large, max-video-preview:-1\" \/>\n<link rel=\"canonical\" href=\"https:\/\/zellkraft.net\/index.php\/kontaktformular\/\" \/>\n<meta property=\"og:locale\" content=\"de_DE\" \/>\n<meta property=\"og:type\" content=\"article\" \/>\n<meta property=\"og:title\" content=\"Kontakt - Zellkraft\" \/>\n<meta property=\"og:description\" content=\"Kontakt Zellkraft: Unterst\u00fctzung f\u00fcr Tier\u00e4rzte, Kliniken und Therapeuten zu Magnetfeldtherapie und Mietmodellen.\" \/>\n<meta property=\"og:url\" content=\"https:\/\/zellkraft.net\/index.php\/kontaktformular\/\" \/>\n<meta property=\"og:site_name\" content=\"Zellkraft\" \/>\n<meta property=\"article:modified_time\" content=\"2026-03-11T08:11:35+00:00\" \/>\n<meta name=\"twitter:card\" content=\"summary_large_image\" \/>\n<meta name=\"twitter:label1\" content=\"Gesch\u00e4tzte Lesezeit\" \/>\n\t<meta name=\"twitter:data1\" content=\"1 Minute\" \/>\n<script type=\"application\/ld+json\" class=\"yoast-schema-graph\">{\"@context\":\"https:\/\/schema.org\",\"@graph\":[{\"@type\":\"WebPage\",\"@id\":\"https:\/\/zellkraft.net\/index.php\/kontaktformular\/\",\"url\":\"https:\/\/zellkraft.net\/index.php\/kontaktformular\/\",\"name\":\"Kontakt - Zellkraft\",\"isPartOf\":{\"@id\":\"https:\/\/zellkraft.net\/#website\"},\"datePublished\":\"2024-08-21T09:24:17+00:00\",\"dateModified\":\"2026-03-11T08:11:35+00:00\",\"description\":\"Kontakt Zellkraft: Unterst\u00fctzung f\u00fcr Tier\u00e4rzte, Kliniken und Therapeuten zu Magnetfeldtherapie und Mietmodellen.\",\"breadcrumb\":{\"@id\":\"https:\/\/zellkraft.net\/index.php\/kontaktformular\/#breadcrumb\"},\"inLanguage\":\"de\",\"potentialAction\":[{\"@type\":\"ReadAction\",\"target\":[\"https:\/\/zellkraft.net\/index.php\/kontaktformular\/\"]}]},{\"@type\":\"BreadcrumbList\",\"@id\":\"https:\/\/zellkraft.net\/index.php\/kontaktformular\/#breadcrumb\",\"itemListElement\":[{\"@type\":\"ListItem\",\"position\":1,\"name\":\"Startseite\",\"item\":\"https:\/\/zellkraft.net\/\"},{\"@type\":\"ListItem\",\"position\":2,\"name\":\"Kontakt\"}]},{\"@type\":\"WebSite\",\"@id\":\"https:\/\/zellkraft.net\/#website\",\"url\":\"https:\/\/zellkraft.net\/\",\"name\":\"Zellkraft\",\"description\":\"|\u00a0Gesundheit f\u00fcr Pferde, die jeder leisten kann\",\"potentialAction\":[{\"@type\":\"SearchAction\",\"target\":{\"@type\":\"EntryPoint\",\"urlTemplate\":\"https:\/\/zellkraft.net\/?s={search_term_string}\"},\"query-input\":{\"@type\":\"PropertyValueSpecification\",\"valueRequired\":true,\"valueName\":\"search_term_string\"}}],\"inLanguage\":\"de\"}]}<\/script>\n<!-- \/ Yoast SEO plugin. -->","yoast_head_json":{"title":"Kontakt - Zellkraft","description":"Kontakt Zellkraft: Unterst\u00fctzung f\u00fcr Tier\u00e4rzte, Kliniken und Therapeuten zu Magnetfeldtherapie und Mietmodellen.","robots":{"index":"index","follow":"follow","max-snippet":"max-snippet:-1","max-image-preview":"max-image-preview:large","max-video-preview":"max-video-preview:-1"},"canonical":"https:\/\/zellkraft.net\/index.php\/kontaktformular\/","og_locale":"de_DE","og_type":"article","og_title":"Kontakt - Zellkraft","og_description":"Kontakt Zellkraft: Unterst\u00fctzung f\u00fcr Tier\u00e4rzte, Kliniken und Therapeuten zu Magnetfeldtherapie und Mietmodellen.","og_url":"https:\/\/zellkraft.net\/index.php\/kontaktformular\/","og_site_name":"Zellkraft","article_modified_time":"2026-03-11T08:11:35+00:00","twitter_card":"summary_large_image","twitter_misc":{"Gesch\u00e4tzte Lesezeit":"1 Minute"},"schema":{"@context":"https:\/\/schema.org","@graph":[{"@type":"WebPage","@id":"https:\/\/zellkraft.net\/index.php\/kontaktformular\/","url":"https:\/\/zellkraft.net\/index.php\/kontaktformular\/","name":"Kontakt - Zellkraft","isPartOf":{"@id":"https:\/\/zellkraft.net\/#website"},"datePublished":"2024-08-21T09:24:17+00:00","dateModified":"2026-03-11T08:11:35+00:00","description":"Kontakt Zellkraft: Unterst\u00fctzung f\u00fcr Tier\u00e4rzte, Kliniken und Therapeuten zu Magnetfeldtherapie und Mietmodellen.","breadcrumb":{"@id":"https:\/\/zellkraft.net\/index.php\/kontaktformular\/#breadcrumb"},"inLanguage":"de","potentialAction":[{"@type":"ReadAction","target":["https:\/\/zellkraft.net\/index.php\/kontaktformular\/"]}]},{"@type":"BreadcrumbList","@id":"https:\/\/zellkraft.net\/index.php\/kontaktformular\/#breadcrumb","itemListElement":[{"@type":"ListItem","position":1,"name":"Startseite","item":"https:\/\/zellkraft.net\/"},{"@type":"ListItem","position":2,"name":"Kontakt"}]},{"@type":"WebSite","@id":"https:\/\/zellkraft.net\/#website","url":"https:\/\/zellkraft.net\/","name":"Zellkraft","description":"|\u00a0Gesundheit f\u00fcr Pferde, die jeder leisten kann","potentialAction":[{"@type":"SearchAction","target":{"@type":"EntryPoint","urlTemplate":"https:\/\/zellkraft.net\/?s={search_term_string}"},"query-input":{"@type":"PropertyValueSpecification","valueRequired":true,"valueName":"search_term_string"}}],"inLanguage":"de"}]}},"_links":{"self":[{"href":"https:\/\/zellkraft.net\/index.php\/wp-json\/wp\/v2\/pages\/8632","targetHints":{"allow":["GET"]}}],"collection":[{"href":"https:\/\/zellkraft.net\/index.php\/wp-json\/wp\/v2\/pages"}],"about":[{"href":"https:\/\/zellkraft.net\/index.php\/wp-json\/wp\/v2\/types\/page"}],"author":[{"embeddable":true,"href":"https:\/\/zellkraft.net\/index.php\/wp-json\/wp\/v2\/users\/1"}],"replies":[{"embeddable":true,"href":"https:\/\/zellkraft.net\/index.php\/wp-json\/wp\/v2\/comments?post=8632"}],"version-history":[{"count":197,"href":"https:\/\/zellkraft.net\/index.php\/wp-json\/wp\/v2\/pages\/8632\/revisions"}],"predecessor-version":[{"id":17245,"href":"https:\/\/zellkraft.net\/index.php\/wp-json\/wp\/v2\/pages\/8632\/revisions\/17245"}],"wp:attachment":[{"href":"https:\/\/zellkraft.net\/index.php\/wp-json\/wp\/v2\/media?parent=8632"}],"curies":[{"name":"wp","href":"https:\/\/api.w.org\/{rel}","templated":true}]}}